{"id":34,"date":"2011-09-24T13:11:04","date_gmt":"2011-09-24T11:11:04","guid":{"rendered":"http:\/\/www.ec-magazin.de\/branchen\/telekommunikation"},"modified":"2024-04-16T15:48:48","modified_gmt":"2024-04-16T13:48:48","slug":"telekommunikation","status":"publish","type":"page","link":"https:\/\/mag.ebmpapst.com\/de\/branchen\/telekommunikation\/","title":{"rendered":"Tele\u00adkom\u00admu\u00adni\u00adka\u00adtion"},"content":{"rendered":"\n<div class=\"wp-block-group grid-break list-header\"><div class=\"wp-block-group__inner-container is-layout-constrained wp-block-group-is-layout-constrained\">\n<div class=\"wp-block-group container\"><div class=\"wp-block-group__inner-container is-layout-constrained wp-block-group-is-layout-constrained\">\n<h4 class=\"wp-block-heading\">Branche<\/h4>\n\n\n\n<h1 class=\"wp-block-heading page-header\">Tele\u00adkom\u00admu\u00adni\u00adka\u00adtion<\/h1>\n<\/div><\/div>\n<\/div><\/div>\n\n\n\n\n<div class=\"grid-item grid-item-row2\">\n\n\n<article id=\"post-23739\" class=\"entry-preview entry-preview-no-1 post-23739 post type-post status-publish format-standard has-post-thumbnail hentry category-elektronik category-telekommunikation category-ventilatoren tag-compactpower\">\n\t<a href=\"https:\/\/mag.ebmpapst.com\/de\/branchen\/elektronik\/power-luefter-fuer-die-elektronikkuehlung_23739\/\" rel=\"bookmark\" title=\"Power-L\u00fcfter f\u00fcr die Elek\u00adtronik\u00adk\u00fch\u00adlung\">\n\n\n\n\t\t<figure class=\"preview-media\">\n\t\t\n \n\t\t\t\t<div class=\"m2g-media-wrapper\"><img loading=\"lazy\" decoding=\"async\" width=\"960\" height=\"540\" src=\"https:\/\/ebmpapst-7237.kxcdn.com\/de\/files\/2021\/05\/Firefly_Photorealistic-rendering-of-a-modern-data-center-with-multiple-rows-of-server-racks-i-629131-960x540.jpg\" class=\"attachment-large size-large\" alt srcset=\"https:\/\/ebmpapst-7237.kxcdn.com\/de\/files\/2021\/05\/Firefly_Photorealistic-rendering-of-a-modern-data-center-with-multiple-rows-of-server-racks-i-629131-960x540.jpg 960w, https:\/\/ebmpapst-7237.kxcdn.com\/de\/files\/2021\/05\/Firefly_Photorealistic-rendering-of-a-modern-data-center-with-multiple-rows-of-server-racks-i-629131-660x371.jpg 660w, https:\/\/ebmpapst-7237.kxcdn.com\/de\/files\/2021\/05\/Firefly_Photorealistic-rendering-of-a-modern-data-center-with-multiple-rows-of-server-racks-i-629131-260x146.jpg 260w, https:\/\/ebmpapst-7237.kxcdn.com\/de\/files\/2021\/05\/Firefly_Photorealistic-rendering-of-a-modern-data-center-with-multiple-rows-of-server-racks-i-629131-768x432.jpg 768w, https:\/\/ebmpapst-7237.kxcdn.com\/de\/files\/2021\/05\/Firefly_Photorealistic-rendering-of-a-modern-data-center-with-multiple-rows-of-server-racks-i-629131-1536x864.jpg 1536w, https:\/\/ebmpapst-7237.kxcdn.com\/de\/files\/2021\/05\/Firefly_Photorealistic-rendering-of-a-modern-data-center-with-multiple-rows-of-server-racks-i-629131-2048x1152.jpg 2048w, https:\/\/ebmpapst-7237.kxcdn.com\/de\/files\/2021\/05\/Firefly_Photorealistic-rendering-of-a-modern-data-center-with-multiple-rows-of-server-racks-i-629131-450x253.jpg 450w, https:\/\/ebmpapst-7237.kxcdn.com\/de\/files\/2021\/05\/Firefly_Photorealistic-rendering-of-a-modern-data-center-with-multiple-rows-of-server-racks-i-629131-300x169.jpg 300w\" sizes=\"auto, (max-width: 960px) 100vw, 960px\"><\/div>\n\n\t\t<\/figure><!-- .preview-media -->\n\n<div class=\"article-preview-text\">\n\t\t<header class=\"entry-header\">\n\t\t\t<h1 class=\"entry-title\"><span>Power-L\u00fcfter f\u00fcr die Elek\u00adtronik\u00adk\u00fch\u00adlung\t\t<\/span><\/h1><\/header><!-- .entry-header -->\n\t\n\t\t<p>Mit dem rasanten Fort\u00adschritt <b>gene\u00adra\u00adtiver KI<\/b> und <b>daten\u00adge\u00adtrie\u00adbener Systeme<\/b> steigen die Anfor\u00adde\u00adrungen an die Elek\u00adtronik\u00adk\u00fch\u00adlung konti\u00adnu\u00adier\u00adlich. Immer leis\u00adtungs\u00adf\u00e4\u00adhi\u00adgere Kompo\u00adnenten m\u00fcssen auf engem Raum zuver\u00adl\u00e4ssig und leise gek\u00fchlt werden \u2013 ob in der Tele\u00adkom\u00admu\u00adni\u00adka\u00adtion, Auto\u00adma\u00adti\u00adsie\u00adrung oder IT-Infra\u00ad\u00adstruktur. Klas\u00adsi\u00adsche L\u00fcfter\u00adl\u00f6\u00adsungen sto\u00dfen dabei an ihre Grenzen. Der Kompakt\u00adl\u00fcfter DiaForce von ebm\u2011papst liefert bis zu <b>50&nbsp;% mehr Luft\u00adleis\u00adtung<\/b> bei gleich\u00adzeitig redu\u00adzierter Ger\u00e4usch\u00ademis\u00adsion und bietet damit eine zukunfts\u00adsi\u00adchere L\u00f6sung f\u00fcr moderne Elek\u00adtronik\u00adum\u00adge\u00adbungen.<span class=\"more\">\u00bb<\/span><\/p>\t\n<\/div>\n\t\t<\/a>\n\t<\/article><!-- .preview -->\n\n<\/div>\n\n<div class=\"grid-item grid-item-row2\">\n\n\n<article id=\"post-20053\" class=\"entry-preview entry-preview-no-2 post-20053 post type-post status-publish format-standard hentry category-branchen category-elektronik category-telekommunikation category-ventilatoren tag-antrieb tag-energieeffizienz tag-motor\">\n\t<a href=\"https:\/\/mag.ebmpapst.com\/de\/branchen\/aktive-gleichrichtung-minimiert-netzrueckwirkungen_20053\/\" rel=\"bookmark\" title=\"Aktive Gleich\u00adrich\u00adtung mini\u00admiert Netz\u00adr\u00fcck\u00adwir\u00adkungen\">\n\n\n\n\t\t<figure class=\"preview-media\">\n\t\t\n \n\t\t\t\t<div class=\"m2g-media-wrapper\"><img loading=\"lazy\" decoding=\"async\" width=\"960\" height=\"747\" src=\"https:\/\/ebmpapst-7237.kxcdn.com\/de\/files\/2019\/04\/ebm-papst_Aktiv-PFC_Firefly_AI-generated-960x747.jpg\" class=\"attachment-large size-large\" alt srcset=\"https:\/\/ebmpapst-7237.kxcdn.com\/de\/files\/2019\/04\/ebm-papst_Aktiv-PFC_Firefly_AI-generated-960x747.jpg 960w, https:\/\/ebmpapst-7237.kxcdn.com\/de\/files\/2019\/04\/ebm-papst_Aktiv-PFC_Firefly_AI-generated-660x513.jpg 660w, https:\/\/ebmpapst-7237.kxcdn.com\/de\/files\/2019\/04\/ebm-papst_Aktiv-PFC_Firefly_AI-generated-260x202.jpg 260w, https:\/\/ebmpapst-7237.kxcdn.com\/de\/files\/2019\/04\/ebm-papst_Aktiv-PFC_Firefly_AI-generated-768x597.jpg 768w, https:\/\/ebmpapst-7237.kxcdn.com\/de\/files\/2019\/04\/ebm-papst_Aktiv-PFC_Firefly_AI-generated-1536x1195.jpg 1536w, https:\/\/ebmpapst-7237.kxcdn.com\/de\/files\/2019\/04\/ebm-papst_Aktiv-PFC_Firefly_AI-generated-2048x1593.jpg 2048w, https:\/\/ebmpapst-7237.kxcdn.com\/de\/files\/2019\/04\/ebm-papst_Aktiv-PFC_Firefly_AI-generated-450x350.jpg 450w, https:\/\/ebmpapst-7237.kxcdn.com\/de\/files\/2019\/04\/ebm-papst_Aktiv-PFC_Firefly_AI-generated-300x233.jpg 300w\" sizes=\"auto, (max-width: 960px) 100vw, 960px\"><\/div>\n\n\t\t<\/figure><!-- .preview-media -->\n\n<div class=\"article-preview-text\">\n\t\t<header class=\"entry-header\">\n\t\t\t<h1 class=\"entry-title\"><span>Aktive Gleich\u00adrich\u00adtung mini\u00admiert Netz\u00adr\u00fcck\u00adwir\u00adkungen\t\t<\/span><\/h1><\/header><!-- .entry-header -->\n\t\n\t\t<p><b>Dank inte\u00adgrierter aktiver Gleich\u00adrich\u00adtung (PFC) <\/b> erf\u00fcllen drei\u00adphasig gespeiste EC-Venti\u00adla\u00ad\u00adtoren die hohen Anfor\u00adde\u00adrungen, die in Rechen\u00adzen\u00adtren bez\u00fcg\u00adlich der Netz\u00adr\u00fcck\u00adwir\u00adkungen bzw. des Ober\u00adschwingsge\u00adhaltes des Aufnah\u00adme\u00adstroms gelten.<span class=\"more\">\u00bb<\/span><\/p>\t\n<\/div>\n\t\t<\/a>\n\t<\/article><!-- .preview -->\n\n<\/div>\n\n\n\n<div class=\"grid-item grid-item\">\n\n\n<article id=\"post-28111\" class=\"entry-preview entry-preview-no-3 post-28111 post type-post status-publish format-standard hentry category-elektronik category-kaelte-klima category-telekommunikation category-ventilatoren tag-retrofit\">\n\t<a href=\"https:\/\/mag.ebmpapst.com\/de\/branchen\/elektronik\/bei-der-ventilatoren-auswahl-ist-der-statische-druck-die-bessere-groesse_28111\/\" rel=\"bookmark\" title=\"Augen auf bei der Venti\u00adla\u00adtoren-Auswahl!\">\n\n\n\n\t\t<figure class=\"preview-media\">\n\t\t\n \n\t\t\t\t<div class=\"m2g-media-wrapper\"><img loading=\"lazy\" decoding=\"async\" width=\"660\" height=\"419\" src=\"https:\/\/ebmpapst-7237.kxcdn.com\/de\/files\/2023\/05\/HEADER_ebmpapst_RadiCal630_pressure-660x419.jpg\" class=\"attachment-medium size-medium\" alt srcset=\"https:\/\/ebmpapst-7237.kxcdn.com\/de\/files\/2023\/05\/HEADER_ebmpapst_RadiCal630_pressure-660x419.jpg 660w, https:\/\/ebmpapst-7237.kxcdn.com\/de\/files\/2023\/05\/HEADER_ebmpapst_RadiCal630_pressure-960x609.jpg 960w, https:\/\/ebmpapst-7237.kxcdn.com\/de\/files\/2023\/05\/HEADER_ebmpapst_RadiCal630_pressure-260x165.jpg 260w, https:\/\/ebmpapst-7237.kxcdn.com\/de\/files\/2023\/05\/HEADER_ebmpapst_RadiCal630_pressure-768x488.jpg 768w, https:\/\/ebmpapst-7237.kxcdn.com\/de\/files\/2023\/05\/HEADER_ebmpapst_RadiCal630_pressure-450x286.jpg 450w, https:\/\/ebmpapst-7237.kxcdn.com\/de\/files\/2023\/05\/HEADER_ebmpapst_RadiCal630_pressure-300x190.jpg 300w, https:\/\/ebmpapst-7237.kxcdn.com\/de\/files\/2023\/05\/HEADER_ebmpapst_RadiCal630_pressure.jpg 1024w\" sizes=\"auto, (max-width: 660px) 100vw, 660px\"><\/div>\n\n\t\t<\/figure><!-- .preview-media -->\n\n<div class=\"article-preview-text\">\n\t\t<header class=\"entry-header\">\n\t\t\t<h1 class=\"entry-title\"><span>Augen auf bei der Venti\u00adla\u00ad\u00adtoren-Auswahl!\t\t<\/span><\/h1><\/header><!-- .entry-header -->\n\t\n\t\t<p>Bei der Auswahl eines Venti\u00adla\u00adtors ist es oft sinn\u00advoller, den <b>stati\u00adschen Druck statt des Gesamt\u00addrucks<\/b> zu verwenden. Unser d\u00e4ni\u00adscher Kollege <b>Torben Lintrup Kirk\u00adholt<\/b> erkl\u00e4rt, warum das so ist \u2013 und warum Herstel\u00adler\u00adan\u00adgaben auf Grund\u00adlage des Gesamt\u00addrucks mit Vorsicht zu genie\u00dfen sind.<span class=\"more\">\u00bb<\/span><\/p>\t\n<\/div>\n\t\t<\/a>\n\t<\/article><!-- .preview -->\n\n<\/div>\n\n<div class=\"grid-item grid-item\">\n\n\n<article id=\"post-25761\" class=\"entry-preview entry-preview-no-4 post-25761 post type-post status-publish format-standard hentry category-elektronik category-telekommunikation category-ventilatoren\">\n\t<a href=\"https:\/\/mag.ebmpapst.com\/de\/branchen\/elektronik\/kompaktluefter-fuer-die-technologien-der-zukunft_25761\/\" rel=\"bookmark\" title=\"Kompakt\u00adl\u00fcfter f\u00fcr die Tech\u00adno\u00adlo\u00adgien der Zukunft\">\n\n\n\n\t\t<figure class=\"preview-media\">\n\t\t\n \n\t\t\t\t<div class=\"m2g-media-wrapper\"><img loading=\"lazy\" decoding=\"async\" width=\"660\" height=\"371\" src=\"https:\/\/ebmpapst-7237.kxcdn.com\/de\/files\/2022\/08\/Bild_1_AxiTwin-660x371.jpg\" class=\"attachment-medium size-medium\" alt srcset=\"https:\/\/ebmpapst-7237.kxcdn.com\/de\/files\/2022\/08\/Bild_1_AxiTwin-660x371.jpg 660w, https:\/\/ebmpapst-7237.kxcdn.com\/de\/files\/2022\/08\/Bild_1_AxiTwin-960x540.jpg 960w, https:\/\/ebmpapst-7237.kxcdn.com\/de\/files\/2022\/08\/Bild_1_AxiTwin-260x146.jpg 260w, https:\/\/ebmpapst-7237.kxcdn.com\/de\/files\/2022\/08\/Bild_1_AxiTwin-768x432.jpg 768w, https:\/\/ebmpapst-7237.kxcdn.com\/de\/files\/2022\/08\/Bild_1_AxiTwin-1536x864.jpg 1536w, https:\/\/ebmpapst-7237.kxcdn.com\/de\/files\/2022\/08\/Bild_1_AxiTwin-450x253.jpg 450w, https:\/\/ebmpapst-7237.kxcdn.com\/de\/files\/2022\/08\/Bild_1_AxiTwin-300x169.jpg 300w, https:\/\/ebmpapst-7237.kxcdn.com\/de\/files\/2022\/08\/Bild_1_AxiTwin.jpg 1920w\" sizes=\"auto, (max-width: 660px) 100vw, 660px\"><\/div>\n\n\t\t<\/figure><!-- .preview-media -->\n\n<div class=\"article-preview-text\">\n\t\t<header class=\"entry-header\">\n\t\t\t<h1 class=\"entry-title\"><span>Kompakt\u00adl\u00fcfter f\u00fcr die Tech\u00adno\u00adlo\u00adgien der Zukunft\t\t<\/span><\/h1><\/header><!-- .entry-header -->\n\t\n\t\t<p>Die digi\u00adtale Welt entwi\u00adckelt sich in rasantem Tempo. Kommu\u00adni\u00adka\u00adti\u00adons\u00adtechnik, Rechen\u00adzen\u00adtren, aber auch Tech\u00adno\u00adlo\u00adgien wie Indoor Farming brau\u00adchen immer leis\u00adtungs\u00adf\u00e4\u00adhi\u00adgere Elek\u00adtronik, um die gewal\u00adtigen Daten\u00adstr\u00f6me zu verar\u00adbeiten. Gleich\u00adzeitig steigt die Packungs\u00addichte unauf\u00adhaltsam. Das macht die K\u00fchlung zur Heraus\u00adfor\u00adde\u00adrung. Inter\u00ades\u00adsante M\u00f6glich\u00adkeiten erschlie\u00dft jetzt ein <b>neuer Kompakt\u00adl\u00fcfter<\/b>, der bei einem Kantenma\u00df von ledig\u00adlich 10 cm bis weit \u00fcber 500 m\u00b3 Luft pro Stunde liefert.<span class=\"more\">\u00bb<\/span><\/p>\t\n<\/div>\n\t\t<\/a>\n\t<\/article><!-- .preview -->\n\n<\/div>\n\n<div class=\"grid-item grid-item\">\n\n\n<article id=\"post-24607\" class=\"entry-preview entry-preview-no-5 post-24607 post type-post status-publish format-standard hentry category-telekommunikation category-ventilatoren\">\n\t<a href=\"https:\/\/mag.ebmpapst.com\/de\/branchen\/telekommunikation\/5g-in-jedem-winkel-remote-unit-axialluefter-kuehlung-sk-telesys-ebm-papst_24607\/\" rel=\"bookmark\" title=\"5G in jedem Winkel\">\n\n\n\n\t\t<figure class=\"preview-media\">\n\t\t\n \n\t\t\t\t<div class=\"m2g-media-wrapper\"><img loading=\"lazy\" decoding=\"async\" width=\"660\" height=\"371\" src=\"https:\/\/ebmpapst-7237.kxcdn.com\/de\/files\/2021\/11\/sk-telesys-5g-remote-unit-header_web-660x371.jpg\" class=\"attachment-medium size-medium\" alt srcset=\"https:\/\/ebmpapst-7237.kxcdn.com\/de\/files\/2021\/11\/sk-telesys-5g-remote-unit-header_web-660x371.jpg 660w, https:\/\/ebmpapst-7237.kxcdn.com\/de\/files\/2021\/11\/sk-telesys-5g-remote-unit-header_web-960x540.jpg 960w, https:\/\/ebmpapst-7237.kxcdn.com\/de\/files\/2021\/11\/sk-telesys-5g-remote-unit-header_web-260x146.jpg 260w, https:\/\/ebmpapst-7237.kxcdn.com\/de\/files\/2021\/11\/sk-telesys-5g-remote-unit-header_web-768x432.jpg 768w, https:\/\/ebmpapst-7237.kxcdn.com\/de\/files\/2021\/11\/sk-telesys-5g-remote-unit-header_web-1536x864.jpg 1536w, https:\/\/ebmpapst-7237.kxcdn.com\/de\/files\/2021\/11\/sk-telesys-5g-remote-unit-header_web-450x253.jpg 450w, https:\/\/ebmpapst-7237.kxcdn.com\/de\/files\/2021\/11\/sk-telesys-5g-remote-unit-header_web-300x169.jpg 300w, https:\/\/ebmpapst-7237.kxcdn.com\/de\/files\/2021\/11\/sk-telesys-5g-remote-unit-header_web.jpg 1920w\" sizes=\"auto, (max-width: 660px) 100vw, 660px\"><\/div>\n\n\t\t<\/figure><!-- .preview-media -->\n\n<div class=\"article-preview-text\">\n\t\t<header class=\"entry-header\">\n\t\t\t<h1 class=\"entry-title\"><span>5G in jedem Winkel\t\t<\/span><\/h1><\/header><!-- .entry-header -->\n\t\n\t\t<p>Das s\u00fcdko\u00adrea\u00adni\u00adsche Tele\u00adkom\u00admu\u00adni\u00adka\u00adti\u00adons\u00adun\u00adter\u00adnehmen <b>SK Telesys<\/b> bringt mit seinen <b>Remote Radio Units (RRUs)<\/b> das Mobil\u00adfunk\u00adnetz 5G in jedes Eck gro\u00dfer Geb\u00e4ude. F\u00fcr die K\u00fchlung der RRUs sorgen drei Axial\u00adl\u00fcfter mit extra Power.<span class=\"more\">\u00bb<\/span><\/p>\t\n<\/div>\n\t\t<\/a>\n\t<\/article><!-- .preview -->\n\n<\/div>\n\n<div class=\"grid-item grid-item\">\n\n\n<article id=\"post-23687\" class=\"entry-preview entry-preview-no-6 post-23687 post type-post status-publish format-standard hentry category-kaelte-klima category-medizin category-telekommunikation category-ventilatoren\">\n\t<a href=\"https:\/\/mag.ebmpapst.com\/de\/branchen\/kaelte-klima\/reinraeume-schnelle-inbetriebnahme-energieeffizienter-betrieb_23687\/\" rel=\"bookmark\" title=\"Schnelle Inbe\u00adtrieb\u00adnahme, ener\u00adgie\u00adef\u00adfi\u00adzi\u00adenter Betrieb\">\n\n\n\n\t\t<figure class=\"preview-media\">\n\t\t\n \n\t\t\t\t<div class=\"m2g-media-wrapper\"><img loading=\"lazy\" decoding=\"async\" width=\"660\" height=\"419\" src=\"https:\/\/ebmpapst-7237.kxcdn.com\/de\/files\/2021\/04\/Luftversorgung-Reinraum-automatisierung-660x419.jpg\" class=\"attachment-medium size-medium\" alt srcset=\"https:\/\/ebmpapst-7237.kxcdn.com\/de\/files\/2021\/04\/Luftversorgung-Reinraum-automatisierung-660x419.jpg 660w, https:\/\/ebmpapst-7237.kxcdn.com\/de\/files\/2021\/04\/Luftversorgung-Reinraum-automatisierung-960x609.jpg 960w, https:\/\/ebmpapst-7237.kxcdn.com\/de\/files\/2021\/04\/Luftversorgung-Reinraum-automatisierung-260x165.jpg 260w, https:\/\/ebmpapst-7237.kxcdn.com\/de\/files\/2021\/04\/Luftversorgung-Reinraum-automatisierung-768x488.jpg 768w, https:\/\/ebmpapst-7237.kxcdn.com\/de\/files\/2021\/04\/Luftversorgung-Reinraum-automatisierung-450x286.jpg 450w, https:\/\/ebmpapst-7237.kxcdn.com\/de\/files\/2021\/04\/Luftversorgung-Reinraum-automatisierung-300x190.jpg 300w, https:\/\/ebmpapst-7237.kxcdn.com\/de\/files\/2021\/04\/Luftversorgung-Reinraum-automatisierung.jpg 1024w\" sizes=\"auto, (max-width: 660px) 100vw, 660px\"><\/div>\n\n\t\t<\/figure><!-- .preview-media -->\n\n<div class=\"article-preview-text\">\n\t\t<header class=\"entry-header\">\n\t\t\t<h1 class=\"entry-title\"><span>Schnelle Inbe\u00adtrieb\u00adnahme, ener\u00adgie\u00adef\u00adfi\u00adzi\u00adenter Betrieb\t\t<\/span><\/h1><\/header><!-- .entry-header -->\n\t\n\t\t<p>Rein\u00adr\u00e4ume stellen an ihre luft\u00adtech\u00adni\u00adschen Systeme spezi\u00adelle Anfor\u00adde\u00adrungen. F\u00fcr Decken\u00admon\u00adtage ausge\u00adlegte Filter-Fan-Units (FFU) kombi\u00adnieren Filter\u00adtechnik und Venti\u00adla\u00adtoren und erm\u00f6g\u00adli\u00adchen es, diese Anfor\u00adde\u00adrungen optimal zu erf\u00fcllen.<span class=\"more\">\u00bb<\/span><\/p>\t\n<\/div>\n\t\t<\/a>\n\t<\/article><!-- .preview -->\n\n<\/div>\n\n<div class=\"grid-item grid-item\">\n\n\n<article id=\"post-23409\" class=\"entry-preview entry-preview-no-7 post-23409 post type-post status-publish format-standard hentry category-elektronik category-interview category-telekommunikation category-ventilatoren tag-compactpower\">\n\t<a href=\"https:\/\/mag.ebmpapst.com\/de\/branchen\/elektronik\/diaforce-diagonalluefter-kombiniert-axial-und-radial-in-einem-luefter_23409\/\" rel=\"bookmark\" title=\"\u201eAxial und radial in einem L\u00fcfter\u201c\">\n\n\n\n\t\t<figure class=\"preview-media\">\n\t\t\n \n\t\t\t\t<div class=\"m2g-media-wrapper\"><img loading=\"lazy\" decoding=\"async\" width=\"660\" height=\"419\" src=\"https:\/\/ebmpapst-7237.kxcdn.com\/de\/files\/2021\/02\/ebmpapst_diaforce_diagonalluefter_1024-660x419.jpg\" class=\"attachment-medium size-medium\" alt srcset=\"https:\/\/ebmpapst-7237.kxcdn.com\/de\/files\/2021\/02\/ebmpapst_diaforce_diagonalluefter_1024-660x419.jpg 660w, https:\/\/ebmpapst-7237.kxcdn.com\/de\/files\/2021\/02\/ebmpapst_diaforce_diagonalluefter_1024-960x609.jpg 960w, https:\/\/ebmpapst-7237.kxcdn.com\/de\/files\/2021\/02\/ebmpapst_diaforce_diagonalluefter_1024-260x165.jpg 260w, https:\/\/ebmpapst-7237.kxcdn.com\/de\/files\/2021\/02\/ebmpapst_diaforce_diagonalluefter_1024-768x488.jpg 768w, https:\/\/ebmpapst-7237.kxcdn.com\/de\/files\/2021\/02\/ebmpapst_diaforce_diagonalluefter_1024-450x286.jpg 450w, https:\/\/ebmpapst-7237.kxcdn.com\/de\/files\/2021\/02\/ebmpapst_diaforce_diagonalluefter_1024-300x190.jpg 300w, https:\/\/ebmpapst-7237.kxcdn.com\/de\/files\/2021\/02\/ebmpapst_diaforce_diagonalluefter_1024.jpg 1024w\" sizes=\"auto, (max-width: 660px) 100vw, 660px\"><\/div>\n\n\t\t<\/figure><!-- .preview-media -->\n\n<div class=\"article-preview-text\">\n\t\t<header class=\"entry-header\">\n\t\t\t<h1 class=\"entry-title\"><span>\u201eAxial und radial in einem L\u00fcfter\u201c\t\t<\/span><\/h1><\/header><!-- .entry-header -->\n\t\n\t\t<p>Der Diago\u00adnal\u00adl\u00fcfter DiaForce revo\u00adlu\u00adtio\u00adniert die Elek\u00adtronik\u00adk\u00fch\u00adlung. Warum das so ist, verr\u00e4t <b>Chris\u00adtian Stern<\/b>, Product Manager bei ebm-papst in St.\u2009Georgen.<span class=\"more\">\u00bb<\/span><\/p>\t\n<\/div>\n\t\t<\/a>\n\t<\/article><!-- .preview -->\n\n<\/div>\n\n<div class=\"grid-item grid-item\">\n\n\n<article id=\"post-19778\" class=\"entry-preview entry-preview-no-8 post-19778 post type-post status-publish format-standard hentry category-allgemein category-branchen category-einblicke category-elektronik category-telekommunikation tag-heiztechnik tag-produktdaten\">\n\t<a href=\"https:\/\/mag.ebmpapst.com\/de\/allgemein\/die-formel-fuer-die-datentransferzeit_19778\/\" rel=\"bookmark\" title=\"Die Formel f\u00fcr die Daten\u00adtrans\u00adfer\u00adzeit\">\n\n\n\n\t\t<figure class=\"preview-media\">\n\t\t\n \n\t\t\t\t<div class=\"m2g-media-wrapper\"><img loading=\"lazy\" decoding=\"async\" width=\"660\" height=\"419\" src=\"https:\/\/ebmpapst-7237.kxcdn.com\/de\/files\/2019\/02\/Header-Formel-660x419.jpg\" class=\"attachment-medium size-medium\" alt srcset=\"https:\/\/ebmpapst-7237.kxcdn.com\/de\/files\/2019\/02\/Header-Formel-660x419.jpg 660w, https:\/\/ebmpapst-7237.kxcdn.com\/de\/files\/2019\/02\/Header-Formel-260x165.jpg 260w, https:\/\/ebmpapst-7237.kxcdn.com\/de\/files\/2019\/02\/Header-Formel-768x488.jpg 768w, https:\/\/ebmpapst-7237.kxcdn.com\/de\/files\/2019\/02\/Header-Formel-960x609.jpg 960w, https:\/\/ebmpapst-7237.kxcdn.com\/de\/files\/2019\/02\/Header-Formel-450x286.jpg 450w, https:\/\/ebmpapst-7237.kxcdn.com\/de\/files\/2019\/02\/Header-Formel-300x190.jpg 300w, https:\/\/ebmpapst-7237.kxcdn.com\/de\/files\/2019\/02\/Header-Formel.jpg 1024w\" sizes=\"auto, (max-width: 660px) 100vw, 660px\"><\/div>\n\n\t\t<\/figure><!-- .preview-media -->\n\n<div class=\"article-preview-text\">\n\t\t<header class=\"entry-header\">\n\t\t\t<h1 class=\"entry-title\"><span>Die Formel f\u00fcr die Daten\u00adtrans\u00adfer\u00adzeit\t\t<\/span><\/h1><\/header><!-- .entry-header -->\n\t\n\t\t<p>Bei einem Local Inter\u00adcon\u00adnect Network (LIN-Bus) ist die <b>Daten\u00adtrans\u00adfer\u00adzeit<\/b> eine wich\u00adtige Gr\u00f6\u00dfe f\u00fcr die Kommu\u00adni\u00adka\u00adtion zwischen Master und Slave.<span class=\"more\">\u00bb<\/span><\/p>\t\n<\/div>\n\t\t<\/a>\n\t<\/article><!-- .preview -->\n\n<\/div>\n\n<div class=\"grid-item grid-item\">\n\n\n<article id=\"post-8958\" class=\"entry-preview entry-preview-no-9 post-8958 post type-post status-publish format-standard hentry category-elektronik category-kaelte-klima category-maschinen category-telekommunikation category-ventilatoren\">\n\t<a href=\"https:\/\/mag.ebmpapst.com\/de\/branchen\/elektronik\/integriertes-diagnosesystem-bei-lueftern_8958\/\" rel=\"bookmark\" title=\"Inte\u00adgriertes Diagno\u00adse\u00adsystem bei L\u00fcftern\">\n\n\n\n\t\t<figure class=\"preview-media\">\n\t\t\n \n\t\t\t\t<div class=\"m2g-media-wrapper\"><img loading=\"lazy\" decoding=\"async\" width=\"300\" height=\"199\" src=\"https:\/\/ebmpapst-7237.kxcdn.com\/de\/files\/2013\/09\/Integriertes_Diagnosesystem-300x199.jpg\" class=\"attachment-medium size-medium\" alt srcset=\"https:\/\/ebmpapst-7237.kxcdn.com\/de\/files\/2013\/09\/Integriertes_Diagnosesystem-300x199.jpg 300w, https:\/\/ebmpapst-7237.kxcdn.com\/de\/files\/2013\/09\/Integriertes_Diagnosesystem.jpg 578w\" sizes=\"auto, (max-width: 300px) 100vw, 300px\"><\/div>\n\n\t\t<\/figure><!-- .preview-media -->\n\n<div class=\"article-preview-text\">\n\t\t<header class=\"entry-header\">\n\t\t\t<h1 class=\"entry-title\"><span>Inte\u00adgriertes Diagno\u00adse\u00adsystem bei L\u00fcftern\t\t<\/span><\/h1><\/header><!-- .entry-header -->\n\t\n\t\t<p>Indi\u00advi\u00addu\u00adelle Fr\u00fch\u00adaus\u00ad\u00adfall-Erken\u00ad\u00adnung ber\u00fcck\u00adsich\u00adtigt Umge\u00adbungs\u00adbe\u00addin\u00adgungen<span class=\"more\">\u00bb<\/span><\/p>\t\n<\/div>\n\t\t<\/a>\n\t<\/article><!-- .preview -->\n\n<\/div>","protected":false},"excerpt":{"rendered":"<p>Branche Tele\u00adkom\u00admu\u00adni\u00adka\u00adtion<\/p>\n","protected":false},"author":2,"featured_media":0,"parent":10,"menu_order":0,"comment_status":"open","ping_status":"closed","template":"page-list2024.php","meta":{"_acf_changed":false,"wp_typography_post_enhancements_disabled":false,"footnotes":""},"class_list":["post-34","page","type-page","status-publish","hentry"],"acf":[],"_links":{"self":[{"href":"https:\/\/mag.ebmpapst.com\/de\/wp-json\/wp\/v2\/pages\/34","targetHints":{"allow":["GET"]}}],"collection":[{"href":"https:\/\/mag.ebmpapst.com\/de\/wp-json\/wp\/v2\/pages"}],"about":[{"href":"https:\/\/mag.ebmpapst.com\/de\/wp-json\/wp\/v2\/types\/page"}],"author":[{"embeddable":true,"href":"https:\/\/mag.ebmpapst.com\/de\/wp-json\/wp\/v2\/users\/2"}],"replies":[{"embeddable":true,"href":"https:\/\/mag.ebmpapst.com\/de\/wp-json\/wp\/v2\/comments?post=34"}],"version-history":[{"count":1,"href":"https:\/\/mag.ebmpapst.com\/de\/wp-json\/wp\/v2\/pages\/34\/revisions"}],"predecessor-version":[{"id":33145,"href":"https:\/\/mag.ebmpapst.com\/de\/wp-json\/wp\/v2\/pages\/34\/revisions\/33145"}],"up":[{"embeddable":true,"href":"https:\/\/mag.ebmpapst.com\/de\/wp-json\/wp\/v2\/pages\/10"}],"wp:attachment":[{"href":"https:\/\/mag.ebmpapst.com\/de\/wp-json\/wp\/v2\/media?parent=34"}],"curies":[{"name":"wp","href":"https:\/\/api.w.org\/{rel}","templated":true}]}}